{"id":9,"date":"2014-04-08T15:25:51","date_gmt":"2014-04-08T13:25:51","guid":{"rendered":"http:\/\/hunold-gbr.de\/wp\/?page_id=9"},"modified":"2024-01-30T11:01:14","modified_gmt":"2024-01-30T10:01:14","slug":"design","status":"publish","type":"page","link":"https:\/\/tischlerei-hunold.de\/?page_id=9","title":{"rendered":"Design"},"content":{"rendered":"<h2>Design<\/h2>\n<div>\n<p><b><i>Individuelles M\u00f6beldesign dr\u00fcckt Ihre Pers\u00f6nlichkeit aus und verleiht Ihrem Zuhause ein besonderes Ambiente!&nbsp;<\/i><\/b>Zu unseren Kernkompetenzen geh\u00f6rt die Planung und Fertigung individueller M\u00f6belst\u00fccke.&nbsp;<span style=\"line-height: 1.5em;\">Wir sind Spezialisten f\u00fcr M\u00f6beldesign Ihrer Einrichtungsgegenst\u00e4nde.&nbsp;<\/span><span style=\"line-height: 1.5em;\">Wir entwerfen die f\u00fcr Sie passenden Produkte, fertigen sie an und montieren sie bei Ihnen zu Hause.<\/span><\/p>\nngg_shortcode_0_placeholder\n<\/div>\n","protected":false},"excerpt":{"rendered":"<p>Design Individuelles M\u00f6beldesign dr\u00fcckt Ihre Pers\u00f6nlichkeit aus und verleiht Ihrem Zuhause ein besonderes Ambiente!&nbsp;Zu unseren Kernkompetenzen geh\u00f6rt die Planung und Fertigung individueller M\u00f6belst\u00fccke.&nbsp;Wir sind Spezialisten f\u00fcr M\u00f6beldesign Ihrer Einrichtungsgegenst\u00e4nde.&nbsp;Wir entwerfen die f\u00fcr Sie passenden Produkte, fertigen sie an und montieren sie bei Ihnen zu Hause.<\/p>\n","protected":false},"author":1,"featured_media":0,"parent":0,"menu_order":3,"comment_status":"open","ping_status":"closed","template":"page_design.php","meta":{"ngg_post_thumbnail":0,"footnotes":""},"class_list":["post-9","page","type-page","status-publish","hentry"],"_links":{"self":[{"href":"https:\/\/tischlerei-hunold.de\/index.php?rest_route=\/wp\/v2\/pages\/9","targetHints":{"allow":["GET"]}}],"collection":[{"href":"https:\/\/tischlerei-hunold.de\/index.php?rest_route=\/wp\/v2\/pages"}],"about":[{"href":"https:\/\/tischlerei-hunold.de\/index.php?rest_route=\/wp\/v2\/types\/page"}],"author":[{"embeddable":true,"href":"https:\/\/tischlerei-hunold.de\/index.php?rest_route=\/wp\/v2\/users\/1"}],"replies":[{"embeddable":true,"href":"https:\/\/tischlerei-hunold.de\/index.php?rest_route=%2Fwp%2Fv2%2Fcomments&post=9"}],"version-history":[{"count":4,"href":"https:\/\/tischlerei-hunold.de\/index.php?rest_route=\/wp\/v2\/pages\/9\/revisions"}],"predecessor-version":[{"id":1218,"href":"https:\/\/tischlerei-hunold.de\/index.php?rest_route=\/wp\/v2\/pages\/9\/revisions\/1218"}],"wp:attachment":[{"href":"https:\/\/tischlerei-hunold.de\/index.php?rest_route=%2Fwp%2Fv2%2Fmedia&parent=9"}],"curies":[{"name":"wp","href":"https:\/\/api.w.org\/{rel}","templated":true}]}}