{"id":4,"date":"2014-04-08T15:20:21","date_gmt":"2014-04-08T13:20:21","guid":{"rendered":"http:\/\/hunold-gbr.de\/wp\/?page_id=4"},"modified":"2024-01-30T11:53:34","modified_gmt":"2024-01-30T10:53:34","slug":"klassisch","status":"publish","type":"page","link":"https:\/\/tischlerei-hunold.de\/?page_id=4","title":{"rendered":"Klassisch"},"content":{"rendered":"\n<h2 class=\"wp-block-heading\">Klassisch<\/h2>\n\n\n\n<p>Wie setzen auf klassisches M\u00f6belhandwerk und moderne Fertigungsmethoden!&nbsp;Unsere langj\u00e4hrige Erfahrung im Tischlerhandwerk garantiert ein hohes Ma\u00df an&nbsp;Qualit\u00e4t s\u00e4mtlicher Tischlerarbeiten.<\/p>\n\n\n\n<p>Wir sind Ihr verl\u00e4sslicher Partner u.a. in&nbsp;M\u00f6belbau,&nbsp;Innenausbau- und Ladenbau,&nbsp;Reparatur- und Servicearbeiten,&nbsp;Sachverst\u00e4ndiger f\u00fcr Bau-Elemente,&nbsp;Fenster, T\u00fcren und Treppen in Kommission. <\/p>\n\n\n\nngg_shortcode_0_placeholder\n","protected":false},"excerpt":{"rendered":"<p>Klassisch Wie setzen auf klassisches M\u00f6belhandwerk und moderne Fertigungsmethoden!&nbsp;Unsere langj\u00e4hrige Erfahrung im Tischlerhandwerk garantiert ein hohes Ma\u00df an&nbsp;Qualit\u00e4t s\u00e4mtlicher Tischlerarbeiten. Wir sind Ihr verl\u00e4sslicher Partner u.a. in&nbsp;M\u00f6belbau,&nbsp;Innenausbau- und Ladenbau,&nbsp;Reparatur- und Servicearbeiten,&nbsp;Sachverst\u00e4ndiger f\u00fcr Bau-Elemente,&nbsp;Fenster, T\u00fcren und Treppen in Kommission.<\/p>\n","protected":false},"author":1,"featured_media":0,"parent":0,"menu_order":2,"comment_status":"open","ping_status":"closed","template":"page_klassikdesign.php","meta":{"ngg_post_thumbnail":0,"footnotes":""},"class_list":["post-4","page","type-page","status-publish","hentry"],"_links":{"self":[{"href":"https:\/\/tischlerei-hunold.de\/index.php?rest_route=\/wp\/v2\/pages\/4","targetHints":{"allow":["GET"]}}],"collection":[{"href":"https:\/\/tischlerei-hunold.de\/index.php?rest_route=\/wp\/v2\/pages"}],"about":[{"href":"https:\/\/tischlerei-hunold.de\/index.php?rest_route=\/wp\/v2\/types\/page"}],"author":[{"embeddable":true,"href":"https:\/\/tischlerei-hunold.de\/index.php?rest_route=\/wp\/v2\/users\/1"}],"replies":[{"embeddable":true,"href":"https:\/\/tischlerei-hunold.de\/index.php?rest_route=%2Fwp%2Fv2%2Fcomments&post=4"}],"version-history":[{"count":6,"href":"https:\/\/tischlerei-hunold.de\/index.php?rest_route=\/wp\/v2\/pages\/4\/revisions"}],"predecessor-version":[{"id":1300,"href":"https:\/\/tischlerei-hunold.de\/index.php?rest_route=\/wp\/v2\/pages\/4\/revisions\/1300"}],"wp:attachment":[{"href":"https:\/\/tischlerei-hunold.de\/index.php?rest_route=%2Fwp%2Fv2%2Fmedia&parent=4"}],"curies":[{"name":"wp","href":"https:\/\/api.w.org\/{rel}","templated":true}]}}