{"id":19,"date":"2014-04-08T15:39:30","date_gmt":"2014-04-08T13:39:30","guid":{"rendered":"http:\/\/hunold-gbr.de\/wp\/?page_id=19"},"modified":"2014-04-08T15:39:30","modified_gmt":"2014-04-08T13:39:30","slug":"agb","status":"publish","type":"page","link":"https:\/\/tischlerei-hunold.de\/?page_id=19","title":{"rendered":"AGB"},"content":{"rendered":"<h2>AGB<\/h2>\n<p>k\u00f6nnen in unseren B\u00fcror\u00e4umen eingesehen werden!<\/p>\n","protected":false},"excerpt":{"rendered":"<p>AGB k\u00f6nnen in unseren B\u00fcror\u00e4umen eingesehen werden!<\/p>\n","protected":false},"author":1,"featured_media":0,"parent":0,"menu_order":8,"comment_status":"open","ping_status":"closed","template":"page_referenzen.php","meta":{"ngg_post_thumbnail":0,"footnotes":""},"class_list":["post-19","page","type-page","status-publish","hentry"],"_links":{"self":[{"href":"https:\/\/tischlerei-hunold.de\/index.php?rest_route=\/wp\/v2\/pages\/19","targetHints":{"allow":["GET"]}}],"collection":[{"href":"https:\/\/tischlerei-hunold.de\/index.php?rest_route=\/wp\/v2\/pages"}],"about":[{"href":"https:\/\/tischlerei-hunold.de\/index.php?rest_route=\/wp\/v2\/types\/page"}],"author":[{"embeddable":true,"href":"https:\/\/tischlerei-hunold.de\/index.php?rest_route=\/wp\/v2\/users\/1"}],"replies":[{"embeddable":true,"href":"https:\/\/tischlerei-hunold.de\/index.php?rest_route=%2Fwp%2Fv2%2Fcomments&post=19"}],"version-history":[{"count":0,"href":"https:\/\/tischlerei-hunold.de\/index.php?rest_route=\/wp\/v2\/pages\/19\/revisions"}],"wp:attachment":[{"href":"https:\/\/tischlerei-hunold.de\/index.php?rest_route=%2Fwp%2Fv2%2Fmedia&parent=19"}],"curies":[{"name":"wp","href":"https:\/\/api.w.org\/{rel}","templated":true}]}}