{"id":13,"date":"2014-04-08T15:31:32","date_gmt":"2014-04-08T13:31:32","guid":{"rendered":"http:\/\/hunold-gbr.de\/wp\/?page_id=13"},"modified":"2024-01-30T11:03:20","modified_gmt":"2024-01-30T10:03:20","slug":"hunold","status":"publish","type":"page","link":"https:\/\/tischlerei-hunold.de\/?page_id=13","title":{"rendered":"Hunold"},"content":{"rendered":"<p>Seit 1990 und bereits in dritter Generation arbeiten wir mit unserer Tischlerei im modernen Familienbetrieb. Gegr\u00fcndet am 01.05.1990 von Hubert Hunold. Im Januar 1999 \u00fcbernahm Ingolf Hunold&nbsp; (Tischlermeister) die Leitung der Firma.&nbsp; Im September 2015, nach Abschlusss seiner Ausbildung zum staatl. gepr\u00fcfter Techniker Fachbereich &#8222;Holztechnik&#8220; u. &#8222;Objektdesign&#8220; wurde Michael Hunold, Teilhaber der HUNOLD GbR. Seine Ideen und Fertigkeiten haben die Firma sehr voran gebracht und bereichert.&nbsp;&nbsp; Seit 01.01.2023 ist Miachael Hunold, alleiniger Gesch\u00e4ftsf\u00fchrer.<\/p>\n<p>Im Fokus steht bei uns der individuelle M\u00f6belbau:<\/p>\n<p>Wir zeigen unseren Kunden, dass individuelle Einzelst\u00fccke Ihr Zuhause sch\u00f6ner und wohnlicher machen. Typgerecht und auf die Wohnsituation angepasst, bieten wir s\u00e4mtliche Tischlerarbeiten von der kreativen Gestaltung \u00fcber die handwerklichen Fertigung bis hin zur fachlichen Montage an.<\/p>\n<p>Sprechen Sie uns an, um Ihre Wohnideen Wirklichkeit werden zu lassen!<\/p>\n<p>Wir freuen uns auf Sie!<\/p>\n<p>Ihre<br \/>\nFamilie Hunold<\/p>\nngg_shortcode_0_placeholder\n<p>Michael Hunold (Gesch\u00e4ftsf\u00fchrer), Ingolf Hunold, Ulla Hunold (B\u00fcrokauffrau), Guido Hornemann (Geselle), Fabian Lumplecker (Geselle), Maxim St\u00f6cker (AZUBI)<\/p>\n","protected":false},"excerpt":{"rendered":"<p>Seit 1990 und bereits in dritter Generation arbeiten wir mit unserer Tischlerei im modernen Familienbetrieb. Gegr\u00fcndet am 01.05.1990 von Hubert Hunold. Im Januar 1999 \u00fcbernahm Ingolf Hunold&nbsp; (Tischlermeister) die Leitung der Firma.&nbsp; Im September 2015, nach Abschlusss seiner Ausbildung zum staatl. gepr\u00fcfter Techniker Fachbereich &#8222;Holztechnik&#8220; u. &#8222;Objektdesign&#8220; wurde Michael Hunold, Teilhaber der HUNOLD GbR. Seine [&hellip;]<\/p>\n","protected":false},"author":1,"featured_media":0,"parent":0,"menu_order":5,"comment_status":"open","ping_status":"closed","template":"page_hunold.php","meta":{"ngg_post_thumbnail":0,"footnotes":""},"class_list":["post-13","page","type-page","status-publish","hentry"],"_links":{"self":[{"href":"https:\/\/tischlerei-hunold.de\/index.php?rest_route=\/wp\/v2\/pages\/13","targetHints":{"allow":["GET"]}}],"collection":[{"href":"https:\/\/tischlerei-hunold.de\/index.php?rest_route=\/wp\/v2\/pages"}],"about":[{"href":"https:\/\/tischlerei-hunold.de\/index.php?rest_route=\/wp\/v2\/types\/page"}],"author":[{"embeddable":true,"href":"https:\/\/tischlerei-hunold.de\/index.php?rest_route=\/wp\/v2\/users\/1"}],"replies":[{"embeddable":true,"href":"https:\/\/tischlerei-hunold.de\/index.php?rest_route=%2Fwp%2Fv2%2Fcomments&post=13"}],"version-history":[{"count":12,"href":"https:\/\/tischlerei-hunold.de\/index.php?rest_route=\/wp\/v2\/pages\/13\/revisions"}],"predecessor-version":[{"id":1217,"href":"https:\/\/tischlerei-hunold.de\/index.php?rest_route=\/wp\/v2\/pages\/13\/revisions\/1217"}],"wp:attachment":[{"href":"https:\/\/tischlerei-hunold.de\/index.php?rest_route=%2Fwp%2Fv2%2Fmedia&parent=13"}],"curies":[{"name":"wp","href":"https:\/\/api.w.org\/{rel}","templated":true}]}}